{"id":13,"date":"2024-06-27T23:31:56","date_gmt":"2024-06-27T23:31:56","guid":{"rendered":"https:\/\/emersonhoffmann.com.br\/?page_id=13"},"modified":"2024-10-04T21:17:38","modified_gmt":"2024-10-04T21:17:38","slug":"home","status":"publish","type":"page","link":"https:\/\/emersonhoffmann.com.br\/","title":{"rendered":"Home"},"content":{"rendered":"\n<div class=\"wp-block-cover alignfull\" style=\"min-height:720px;aspect-ratio:unset;\"><span aria-hidden=\"true\" class=\"wp-block-cover__background has-background-dim-100 has-background-dim\" style=\"background-color:#002d5d\"><\/span><div class=\"wp-block-cover__inner-container is-layout-flow wp-block-cover-is-layout-flow\">\n<div class=\"inherit-container-width wp-block-group alignwide is-layout-constrained wp-block-group-is-layout-constrained\">\n<div class=\"wp-block-media-text alignwide has-media-on-the-right is-stacked-on-mobile is-vertically-aligned-center\" style=\"grid-template-columns:auto 28%\"><div class=\"wp-block-media-text__content\">\n<h1 class=\"wp-block-heading has-text-align-left has-white-color has-text-color has-large-font-size\">Atendimento m\u00e9dico acolhedor e personalizado para PREP\/PEP e IST\/HIV.<\/h1>\n\n\n\n<p>Atendimento presencial ou on-line, clicando no bot\u00e3o abaixo.<\/p>\n\n\n\n<div class=\"wp-block-buttons is-layout-flex wp-block-buttons-is-layout-flex\">\n<div class=\"wp-block-button\"><a class=\"wp-block-button__link wp-element-button\" href=\"http:\/\/wa.link\/703fv4\" target=\"_blank\" rel=\"noreferrer noopener\">Agendar minha consulta agora<\/a><\/div>\n<\/div>\n<\/div><figure class=\"wp-block-media-text__media\"><img loading=\"lazy\" decoding=\"async\" width=\"757\" height=\"1024\" src=\"https:\/\/emersonhoffmann.com.br\/wp-content\/uploads\/2024\/10\/Arquivos-Site-4-757x1024.png\" alt=\"\" class=\"wp-image-118 size-full\" srcset=\"https:\/\/emersonhoffmann.com.br\/wp-content\/uploads\/2024\/10\/Arquivos-Site-4-757x1024.png 757w, https:\/\/emersonhoffmann.com.br\/wp-content\/uploads\/2024\/10\/Arquivos-Site-4-222x300.png 222w, https:\/\/emersonhoffmann.com.br\/wp-content\/uploads\/2024\/10\/Arquivos-Site-4-768x1039.png 768w, https:\/\/emersonhoffmann.com.br\/wp-content\/uploads\/2024\/10\/Arquivos-Site-4-1135x1536.png 1135w, https:\/\/emersonhoffmann.com.br\/wp-content\/uploads\/2024\/10\/Arquivos-Site-4-1513x2048.png 1513w, https:\/\/emersonhoffmann.com.br\/wp-content\/uploads\/2024\/10\/Arquivos-Site-4.png 1928w\" sizes=\"auto, (max-width: 757px) 100vw, 757px\" \/><\/figure><\/div>\n<\/div>\n<\/div><\/div>\n\n\n\n<div class=\"wp-block-group alignfull is-layout-constrained wp-container-core-group-is-layout-2 wp-block-group-is-layout-constrained\" id=\"whyus\" style=\"padding-top:144px;padding-bottom:144px\">\n<h2 class=\"wp-block-heading\">Foco dos atendimentos<\/h2>\n\n\n\n<div class=\"wp-block-columns is-layout-flex wp-container-core-columns-is-layout-1 wp-block-columns-is-layout-flex\" style=\"margin-top:60px\">\n<div class=\"wp-block-column is-layout-flow wp-container-core-column-is-layout-1 wp-block-column-is-layout-flow\">\n<figure class=\"wp-block-image size-full is-resized\"><img loading=\"lazy\" decoding=\"async\" width=\"512\" height=\"512\" src=\"https:\/\/emersonhoffmann.com.br\/wp-content\/uploads\/2024\/07\/pilula-de-vitamina.png\" alt=\"\" class=\"wp-image-63\" style=\"width:auto;height:70px\" srcset=\"https:\/\/emersonhoffmann.com.br\/wp-content\/uploads\/2024\/07\/pilula-de-vitamina.png 512w, https:\/\/emersonhoffmann.com.br\/wp-content\/uploads\/2024\/07\/pilula-de-vitamina-300x300.png 300w, https:\/\/emersonhoffmann.com.br\/wp-content\/uploads\/2024\/07\/pilula-de-vitamina-150x150.png 150w\" sizes=\"auto, (max-width: 512px) 100vw, 512px\" \/><\/figure>\n\n\n\n<h3 class=\"wp-block-heading\" style=\"margin-top:16px\">PREP &amp; PEP<\/h3>\n\n\n\n<p>Acompanhamento tanto de PEP, quanto de PrEP, estrat\u00e9gias altamente eficazes contra o HIV.<\/p>\n<\/div>\n\n\n\n<div class=\"wp-block-column is-layout-flow wp-container-core-column-is-layout-2 wp-block-column-is-layout-flow\">\n<figure class=\"wp-block-image size-full is-resized\"><img loading=\"lazy\" decoding=\"async\" width=\"512\" height=\"512\" src=\"https:\/\/emersonhoffmann.com.br\/wp-content\/uploads\/2024\/07\/fita-de-cancer.png\" alt=\"\" class=\"wp-image-58\" style=\"object-fit:cover;width:70px;height:70px\" srcset=\"https:\/\/emersonhoffmann.com.br\/wp-content\/uploads\/2024\/07\/fita-de-cancer.png 512w, https:\/\/emersonhoffmann.com.br\/wp-content\/uploads\/2024\/07\/fita-de-cancer-300x300.png 300w, https:\/\/emersonhoffmann.com.br\/wp-content\/uploads\/2024\/07\/fita-de-cancer-150x150.png 150w\" sizes=\"auto, (max-width: 512px) 100vw, 512px\" \/><\/figure>\n\n\n\n<h3 class=\"wp-block-heading\" style=\"margin-top:16px\">HIV+<\/h3>\n\n\n\n<p>Manejo e monitoramento completo de pacientes HIV+, com seguran\u00e7a e privacidade.<\/p>\n<\/div>\n\n\n\n<div class=\"wp-block-column is-layout-flow wp-container-core-column-is-layout-3 wp-block-column-is-layout-flow\">\n<figure class=\"wp-block-image size-full is-resized\"><img loading=\"lazy\" decoding=\"async\" width=\"512\" height=\"512\" src=\"https:\/\/emersonhoffmann.com.br\/wp-content\/uploads\/2024\/07\/seringa.png\" alt=\"\" class=\"wp-image-66\" style=\"object-fit:cover;width:70px;height:70px\" srcset=\"https:\/\/emersonhoffmann.com.br\/wp-content\/uploads\/2024\/07\/seringa.png 512w, https:\/\/emersonhoffmann.com.br\/wp-content\/uploads\/2024\/07\/seringa-300x300.png 300w, https:\/\/emersonhoffmann.com.br\/wp-content\/uploads\/2024\/07\/seringa-150x150.png 150w\" sizes=\"auto, (max-width: 512px) 100vw, 512px\" \/><\/figure>\n\n\n\n<h3 class=\"wp-block-heading\" style=\"margin-top:16px\">Vacinas<\/h3>\n\n\n\n<p>Calend\u00e1rio vacinal em dia, inclusive com orienta\u00e7\u00f5es atualizadas de quais as vacinas indicadas por idade.<\/p>\n<\/div>\n<\/div>\n\n\n\n<div class=\"wp-block-buttons is-content-justification-center is-layout-flex wp-container-core-buttons-is-layout-2 wp-block-buttons-is-layout-flex\">\n<div class=\"wp-block-button\"><a class=\"wp-block-button__link has-text-align-center wp-element-button\" href=\"http:\/\/wa.link\/703fv4\" target=\"_blank\" rel=\"noreferrer noopener\">Agendar minha consulta agora<\/a><\/div>\n<\/div>\n<\/div>\n\n\n\n<div class=\"wp-block-group alignfull has-pale-cyan-blue-background-color has-background is-layout-constrained wp-container-core-group-is-layout-4 wp-block-group-is-layout-constrained\" id=\"about\" style=\"padding-top:143px;padding-bottom:144px\">\n<div class=\"wp-block-media-text has-media-on-the-right is-stacked-on-mobile is-vertically-aligned-center\" style=\"grid-template-columns:auto 47%\"><div class=\"wp-block-media-text__content\">\n<div class=\"inherit-container-width wp-block-group is-layout-constrained wp-container-core-group-is-layout-3 wp-block-group-is-layout-constrained\" style=\"padding-right:80px\">\n<h2 class=\"wp-block-heading has-ast-global-color-1-color has-text-color has-link-color wp-elements-63d18fd6ff601a8a9ad4ff72bcc25d51\" style=\"padding-right:40px\">Emerson Hoffmann<\/h2>\n\n\n\n<p>M\u00e9dico formado pela PUCRS em 2020, trabalhando com paciente cl\u00ednico adulto desde ent\u00e3o.<\/p>\n\n\n\n<p>Residente em Infectologia pelo Hospital Moinhos de Vento desde 2023, al\u00e9m de P\u00f3s-Graduando no MBA de Gest\u00e3o em Sa\u00fade pela Universidade La Salle e Santa Casa.<\/p>\n\n\n\n<p><\/p>\n<\/div>\n\n\n\n<div class=\"wp-block-buttons is-layout-flex wp-block-buttons-is-layout-flex\">\n<div class=\"wp-block-button\"><a class=\"wp-block-button__link wp-element-button\" href=\"http:\/\/lattes.cnpq.br\/8929123918991689\" target=\"_blank\" rel=\"noreferrer noopener\">Acessar curr\u00edculo Lattes<\/a><\/div>\n<\/div>\n<\/div><figure class=\"wp-block-media-text__media\"><img loading=\"lazy\" decoding=\"async\" width=\"500\" height=\"500\" src=\"https:\/\/emersonhoffmann.com.br\/wp-content\/uploads\/2024\/07\/Jose-1.png\" alt=\"Infectologia Emerson Hoffmann\" class=\"wp-image-52 size-full\" srcset=\"https:\/\/emersonhoffmann.com.br\/wp-content\/uploads\/2024\/07\/Jose-1.png 500w, https:\/\/emersonhoffmann.com.br\/wp-content\/uploads\/2024\/07\/Jose-1-300x300.png 300w, https:\/\/emersonhoffmann.com.br\/wp-content\/uploads\/2024\/07\/Jose-1-150x150.png 150w\" sizes=\"auto, (max-width: 500px) 100vw, 500px\" \/><\/figure><\/div>\n<\/div>\n\n\n\n<div class=\"wp-block-group alignfull has-ast-global-color-4-background-color has-background is-layout-constrained wp-container-core-group-is-layout-5 wp-block-group-is-layout-constrained\" id=\"reviews\">\n<h4 class=\"wp-block-heading has-text-align-center has-medium-font-size\">Clique no formato de consulta que deseja agendar:<\/h4>\n\n\n\n<div class=\"wp-block-buttons is-content-justification-center is-layout-flex wp-container-core-buttons-is-layout-4 wp-block-buttons-is-layout-flex\">\n<div class=\"wp-block-button\"><a class=\"wp-block-button__link has-text-align-center wp-element-button\" href=\"https:\/\/api.whatsapp.com\/send?phone=5551995416444&amp;text=Ol%C3%A1%2C%20entrei%20em%20seu%20site%20e%20gostaria%20de%20agendar%20uma%20consulta%20online.\" target=\"_blank\" rel=\"noreferrer noopener\">Online<\/a><\/div>\n\n\n\n<div class=\"wp-block-button\"><a class=\"wp-block-button__link wp-element-button\" href=\"https:\/\/api.whatsapp.com\/send?phone=5551995416444&amp;text=Ol%C3%A1%2C%20entrei%20em%20seu%20site%20e%20gostaria%20de%20agendar%20uma%20consulta%20presencial.\" target=\"_blank\" rel=\"noreferrer noopener\">Presencial<\/a><\/div>\n<\/div>\n\n\n\n<hr class=\"wp-block-separator has-alpha-channel-opacity is-style-wide\"\/>\n\n\n\n<div class=\"wp-block-columns is-layout-flex wp-container-core-columns-is-layout-2 wp-block-columns-is-layout-flex\">\n<div class=\"wp-block-column is-layout-flow wp-block-column-is-layout-flow\">\n<h4 class=\"wp-block-heading has-medium-font-size\">Consult\u00f3rio<\/h4>\n\n\n\n<p class=\"has-small-font-size\">Av. Cel. Lucas de Oliveira, 505 &#8211; Sala 1007 &#8211; Mont&#8217;Serrat, Porto Alegre &#8211; RS, 90450-045, Brasil<\/p>\n<\/div>\n\n\n\n<div class=\"wp-block-column is-layout-flow wp-block-column-is-layout-flow\">\n<h4 class=\"wp-block-heading has-medium-font-size\">Telefone<\/h4>\n\n\n\n<p class=\"has-small-font-size\">+55 (51) 99541-6444<\/p>\n<\/div>\n\n\n\n<div class=\"wp-block-column is-layout-flow wp-block-column-is-layout-flow\">\n<h4 class=\"wp-block-heading has-medium-font-size\">Email<\/h4>\n\n\n\n<p class=\"has-small-font-size\">contato@emersonhoffmann.com.br<\/p>\n<\/div>\n<\/div>\n\n\n\n<div><iframe src=\"https:\/\/maps.google.com\/maps?q=Rua+Lucas+de+Oliveira%2C+505%2C+Sala+1007&amp;z=15&amp;t=m&amp;output=embed\" style=\"border:0;height:317px;width:100%\"><\/iframe><\/div>\n<\/div>\n","protected":false},"excerpt":{"rendered":"<p>Foco dos atendimentos PREP &amp; PEP Acompanhamento tanto de PEP, quanto de PrEP, estrat\u00e9gias altamente eficazes contra o HIV. HIV+ [&hellip;]<\/p>\n","protected":false},"author":1,"featured_media":0,"parent":0,"menu_order":0,"comment_status":"closed","ping_status":"closed","template":"","meta":{"om_disable_all_campaigns":false,"_monsterinsights_skip_tracking":false,"_monsterinsights_sitenote_active":false,"_monsterinsights_sitenote_note":"","_monsterinsights_sitenote_category":0,"site-sidebar-layout":"no-sidebar","site-content-layout":"plain-container","ast-site-content-layout":"","site-content-style":"default","site-sidebar-style":"default","ast-global-header-display":"","ast-banner-title-visibility":"","ast-main-header-display":"","ast-hfb-above-header-display":"","ast-hfb-below-header-display":"","ast-hfb-mobile-header-display":"","site-post-title":"disabled","ast-breadcrumbs-content":"","ast-featured-img":"","footer-sml-layout":"","theme-transparent-header-meta":"enabled","adv-header-id-meta":"","stick-header-meta":"","header-above-stick-meta":"","header-main-stick-meta":"","header-below-stick-meta":"","astra-migrate-meta-layouts":"default","ast-page-background-enabled":"default","ast-page-background-meta":{"desktop":{"background-color":"var(--ast-global-color-4)","background-image":"","background-repeat":"repeat","background-position":"center center","background-size":"auto","background-attachment":"scroll","background-type":"","background-media":"","overlay-type":"","overlay-color":"","overlay-opacity":"","overlay-gradient":""},"tablet":{"background-color":"","background-image":"","background-repeat":"repeat","background-position":"center center","background-size":"auto","background-attachment":"scroll","background-type":"","background-media":"","overlay-type":"","overlay-color":"","overlay-opacity":"","overlay-gradient":""},"mobile":{"background-color":"","background-image":"","background-repeat":"repeat","background-position":"center center","background-size":"auto","background-attachment":"scroll","background-type":"","background-media":"","overlay-type":"","overlay-color":"","overlay-opacity":"","overlay-gradient":""}},"ast-content-background-meta":{"desktop":{"background-color":"var(--ast-global-color-5)","background-image":"","background-repeat":"repeat","background-position":"center center","background-size":"auto","background-attachment":"scroll","background-type":"","background-media":"","overlay-type":"","overlay-color":"","overlay-opacity":"","overlay-gradient":""},"tablet":{"background-color":"var(--ast-global-color-5)","background-image":"","background-repeat":"repeat","background-position":"center center","background-size":"auto","background-attachment":"scroll","background-type":"","background-media":"","overlay-type":"","overlay-color":"","overlay-opacity":"","overlay-gradient":""},"mobile":{"background-color":"var(--ast-global-color-5)","background-image":"","background-repeat":"repeat","background-position":"center center","background-size":"auto","background-attachment":"scroll","background-type":"","background-media":"","overlay-type":"","overlay-color":"","overlay-opacity":"","overlay-gradient":""}},"footnotes":""},"class_list":["post-13","page","type-page","status-publish","hentry"],"aioseo_notices":[],"_links":{"self":[{"href":"https:\/\/emersonhoffmann.com.br\/index.php?rest_route=\/wp\/v2\/pages\/13","targetHints":{"allow":["GET"]}}],"collection":[{"href":"https:\/\/emersonhoffmann.com.br\/index.php?rest_route=\/wp\/v2\/pages"}],"about":[{"href":"https:\/\/emersonhoffmann.com.br\/index.php?rest_route=\/wp\/v2\/types\/page"}],"author":[{"embeddable":true,"href":"https:\/\/emersonhoffmann.com.br\/index.php?rest_route=\/wp\/v2\/users\/1"}],"replies":[{"embeddable":true,"href":"https:\/\/emersonhoffmann.com.br\/index.php?rest_route=%2Fwp%2Fv2%2Fcomments&post=13"}],"version-history":[{"count":37,"href":"https:\/\/emersonhoffmann.com.br\/index.php?rest_route=\/wp\/v2\/pages\/13\/revisions"}],"predecessor-version":[{"id":119,"href":"https:\/\/emersonhoffmann.com.br\/index.php?rest_route=\/wp\/v2\/pages\/13\/revisions\/119"}],"wp:attachment":[{"href":"https:\/\/emersonhoffmann.com.br\/index.php?rest_route=%2Fwp%2Fv2%2Fmedia&parent=13"}],"curies":[{"name":"wp","href":"https:\/\/api.w.org\/{rel}","templated":true}]}}